{"id":333,"date":"2025-08-26T21:20:05","date_gmt":"2025-08-26T21:20:05","guid":{"rendered":"https:\/\/lgonte.com\/?page_id=333"},"modified":"2025-09-03T20:49:14","modified_gmt":"2025-09-03T20:49:14","slug":"contact","status":"publish","type":"page","link":"https:\/\/lgonte.com\/es\/contact\/","title":{"rendered":"Contacto"},"content":{"rendered":"<div class=\"wpb-content-wrapper\"><div class=\"vc_row wpb_row vc_row-fluid vc_custom_1756932509862 vc_column-gap-30\"><div class=\"wpb_column vc_column_container vc_col-sm-8 vc_col-has-fill\"><div class=\"vc_column-inner vc_custom_1756932482291\"><div class=\"wpb_wrapper\">\n\t<div class=\"wpb_raw_code wpb_raw_html wpb_content_element vc_custom_1756932552809\" >\n\t\t<div class=\"wpb_wrapper\">\n\t\t\t<iframe\r\n    src=\"https:\/\/mkt.lgonte.com\/widget\/form\/7bN7adYEX1Z1nA8pUF0I\"\r\n    style=\"width:100%;height:100%;border:none;border-radius:0px\"\r\n    id=\"inline-7bN7adYEX1Z1nA8pUF0I\" \r\n    data-layout=\"{'id':'INLINE'}\"\r\n    data-trigger-type=\"alwaysShow\"\r\n    data-trigger-value=\"\"\r\n    data-activation-type=\"alwaysActivated\"\r\n    data-activation-value=\"\"\r\n    data-deactivation-type=\"neverDeactivate\"\r\n    data-deactivation-value=\"\"\r\n    data-form-name=\"Contact\"\r\n    data-height=\"480\"\r\n    data-layout-iframe-id=\"inline-7bN7adYEX1Z1nA8pUF0I\"\r\n    data-form-id=\"7bN7adYEX1Z1nA8pUF0I\"\r\n    title=\"Contacto\"\r\n        >\r\n<\/iframe>\r\n<script src=\"https:\/\/mkt.lgonte.com\/js\/form_embed.js\"><\/script>\n\t\t<\/div>\n\t<\/div>\n<\/div><\/div><\/div><div class=\"wpb_column vc_column_container vc_col-sm-4 vc_col-has-fill\"><div class=\"vc_column-inner vc_custom_1756932468812\"><div class=\"wpb_wrapper\">\n\t<div class=\"wpb_text_column wpb_content_element vc_custom_1756932503583\" >\n\t\t<div class=\"wpb_wrapper\">\n\t\t\t<h3>Conect\u00e9monos<\/h3>\n<p>\u00a1Me encantar\u00eda saber de ti! Si tienes alguna pregunta, comentario o simplemente quieres saludar, no dudes en contactarme. Completa el formulario a continuaci\u00f3n o env\u00edame un mensaje directamente y te responder\u00e9 lo antes posible.<\/p>\n\n\t\t<\/div>\n\t<\/div>\n<\/div><\/div><\/div><\/div>\n<\/div>","protected":false},"excerpt":{"rendered":"Let\u2019s Connect I\u2019d love to hear from you! Whether you have a question, feedback, or just want to say hello, feel free to reach out. Fill out the form below or send me a message directly, and I\u2019ll get back to you as soon as possible.","protected":false},"author":1,"featured_media":0,"parent":0,"menu_order":3,"comment_status":"closed","ping_status":"closed","template":"","meta":{"_acf_changed":false,"footnotes":""},"class_list":["post-333","page","type-page","status-publish","hentry"],"acf":[],"yoast_head":"<!-- This site is optimized with the Yoast SEO plugin v27.4 - https:\/\/yoast.com\/product\/yoast-seo-wordpress\/ -->\n<title>Contact - Luis Gonte Galeria<\/title>\n<meta name=\"robots\" content=\"index, follow, max-snippet:-1, max-image-preview:large, max-video-preview:-1\" \/>\n<link rel=\"canonical\" href=\"https:\/\/lgonte.com\/es\/contact\/\" \/>\n<meta property=\"og:locale\" content=\"es_MX\" \/>\n<meta property=\"og:type\" content=\"article\" \/>\n<meta property=\"og:title\" content=\"Contact - Luis Gonte Galeria\" \/>\n<meta property=\"og:url\" content=\"https:\/\/lgonte.com\/es\/contact\/\" \/>\n<meta property=\"og:site_name\" content=\"Luis Gonte Galeria\" \/>\n<meta property=\"article:modified_time\" content=\"2025-09-03T20:49:14+00:00\" \/>\n<meta name=\"twitter:card\" content=\"summary_large_image\" \/>\n<meta name=\"twitter:label1\" content=\"Tiempo de lectura\" \/>\n\t<meta name=\"twitter:data1\" content=\"1 minuto\" \/>\n<script type=\"application\/ld+json\" class=\"yoast-schema-graph\">{\"@context\":\"https:\\\/\\\/schema.org\",\"@graph\":[{\"@type\":\"WebPage\",\"@id\":\"https:\\\/\\\/lgonte.com\\\/contact\\\/\",\"url\":\"https:\\\/\\\/lgonte.com\\\/contact\\\/\",\"name\":\"Contact - Luis Gonte Galeria\",\"isPartOf\":{\"@id\":\"https:\\\/\\\/lgonte.com\\\/#website\"},\"datePublished\":\"2025-08-26T21:20:05+00:00\",\"dateModified\":\"2025-09-03T20:49:14+00:00\",\"breadcrumb\":{\"@id\":\"https:\\\/\\\/lgonte.com\\\/contact\\\/#breadcrumb\"},\"inLanguage\":\"es\",\"potentialAction\":[{\"@type\":\"ReadAction\",\"target\":[\"https:\\\/\\\/lgonte.com\\\/contact\\\/\"]}]},{\"@type\":\"BreadcrumbList\",\"@id\":\"https:\\\/\\\/lgonte.com\\\/contact\\\/#breadcrumb\",\"itemListElement\":[{\"@type\":\"ListItem\",\"position\":1,\"name\":\"Home\",\"item\":\"https:\\\/\\\/lgonte.com\\\/\"},{\"@type\":\"ListItem\",\"position\":2,\"name\":\"Contact\"}]},{\"@type\":\"WebSite\",\"@id\":\"https:\\\/\\\/lgonte.com\\\/#website\",\"url\":\"https:\\\/\\\/lgonte.com\\\/\",\"name\":\"Luis Gonte Galeria\",\"description\":\"\",\"publisher\":{\"@id\":\"https:\\\/\\\/lgonte.com\\\/#organization\"},\"potentialAction\":[{\"@type\":\"SearchAction\",\"target\":{\"@type\":\"EntryPoint\",\"urlTemplate\":\"https:\\\/\\\/lgonte.com\\\/?s={search_term_string}\"},\"query-input\":{\"@type\":\"PropertyValueSpecification\",\"valueRequired\":true,\"valueName\":\"search_term_string\"}}],\"inLanguage\":\"es\"},{\"@type\":\"Organization\",\"@id\":\"https:\\\/\\\/lgonte.com\\\/#organization\",\"name\":\"Luis Gonte Galeria\",\"url\":\"https:\\\/\\\/lgonte.com\\\/\",\"logo\":{\"@type\":\"ImageObject\",\"inLanguage\":\"es\",\"@id\":\"https:\\\/\\\/lgonte.com\\\/#\\\/schema\\\/logo\\\/image\\\/\",\"url\":\"https:\\\/\\\/lgonte.com\\\/wp-content\\\/uploads\\\/sites\\\/22\\\/2025\\\/08\\\/lgonte-logo.png\",\"contentUrl\":\"https:\\\/\\\/lgonte.com\\\/wp-content\\\/uploads\\\/sites\\\/22\\\/2025\\\/08\\\/lgonte-logo.png\",\"width\":301,\"height\":159,\"caption\":\"Luis Gonte Galeria\"},\"image\":{\"@id\":\"https:\\\/\\\/lgonte.com\\\/#\\\/schema\\\/logo\\\/image\\\/\"}}]}<\/script>\n<!-- \/ Yoast SEO plugin. -->","yoast_head_json":{"title":"Contact - Luis Gonte Galeria","robots":{"index":"index","follow":"follow","max-snippet":"max-snippet:-1","max-image-preview":"max-image-preview:large","max-video-preview":"max-video-preview:-1"},"canonical":"https:\/\/lgonte.com\/es\/contact\/","og_locale":"es_MX","og_type":"article","og_title":"Contact - Luis Gonte Galeria","og_url":"https:\/\/lgonte.com\/es\/contact\/","og_site_name":"Luis Gonte Galeria","article_modified_time":"2025-09-03T20:49:14+00:00","twitter_card":"summary_large_image","twitter_misc":{"Tiempo de lectura":"1 minuto"},"schema":{"@context":"https:\/\/schema.org","@graph":[{"@type":"WebPage","@id":"https:\/\/lgonte.com\/contact\/","url":"https:\/\/lgonte.com\/contact\/","name":"Contact - Luis Gonte Galeria","isPartOf":{"@id":"https:\/\/lgonte.com\/#website"},"datePublished":"2025-08-26T21:20:05+00:00","dateModified":"2025-09-03T20:49:14+00:00","breadcrumb":{"@id":"https:\/\/lgonte.com\/contact\/#breadcrumb"},"inLanguage":"es","potentialAction":[{"@type":"ReadAction","target":["https:\/\/lgonte.com\/contact\/"]}]},{"@type":"BreadcrumbList","@id":"https:\/\/lgonte.com\/contact\/#breadcrumb","itemListElement":[{"@type":"ListItem","position":1,"name":"Home","item":"https:\/\/lgonte.com\/"},{"@type":"ListItem","position":2,"name":"Contact"}]},{"@type":"WebSite","@id":"https:\/\/lgonte.com\/#website","url":"https:\/\/lgonte.com\/","name":"Luis Gonte Galeria","description":"","publisher":{"@id":"https:\/\/lgonte.com\/#organization"},"potentialAction":[{"@type":"SearchAction","target":{"@type":"EntryPoint","urlTemplate":"https:\/\/lgonte.com\/?s={search_term_string}"},"query-input":{"@type":"PropertyValueSpecification","valueRequired":true,"valueName":"search_term_string"}}],"inLanguage":"es"},{"@type":"Organization","@id":"https:\/\/lgonte.com\/#organization","name":"Luis Gonte Galeria","url":"https:\/\/lgonte.com\/","logo":{"@type":"ImageObject","inLanguage":"es","@id":"https:\/\/lgonte.com\/#\/schema\/logo\/image\/","url":"https:\/\/lgonte.com\/wp-content\/uploads\/sites\/22\/2025\/08\/lgonte-logo.png","contentUrl":"https:\/\/lgonte.com\/wp-content\/uploads\/sites\/22\/2025\/08\/lgonte-logo.png","width":301,"height":159,"caption":"Luis Gonte Galeria"},"image":{"@id":"https:\/\/lgonte.com\/#\/schema\/logo\/image\/"}}]}},"jetpack_sharing_enabled":true,"_links":{"self":[{"href":"https:\/\/lgonte.com\/es\/wp-json\/wp\/v2\/pages\/333","targetHints":{"allow":["GET"]}}],"collection":[{"href":"https:\/\/lgonte.com\/es\/wp-json\/wp\/v2\/pages"}],"about":[{"href":"https:\/\/lgonte.com\/es\/wp-json\/wp\/v2\/types\/page"}],"author":[{"embeddable":true,"href":"https:\/\/lgonte.com\/es\/wp-json\/wp\/v2\/users\/1"}],"replies":[{"embeddable":true,"href":"https:\/\/lgonte.com\/es\/wp-json\/wp\/v2\/comments?post=333"}],"version-history":[{"count":0,"href":"https:\/\/lgonte.com\/es\/wp-json\/wp\/v2\/pages\/333\/revisions"}],"wp:attachment":[{"href":"https:\/\/lgonte.com\/es\/wp-json\/wp\/v2\/media?parent=333"}],"curies":[{"name":"wp","href":"https:\/\/api.w.org\/{rel}","templated":true}]}}