{"id":334,"date":"2025-08-26T21:20:13","date_gmt":"2025-08-26T21:20:13","guid":{"rendered":"https:\/\/lgonte.com\/?page_id=334"},"modified":"2025-10-15T15:24:55","modified_gmt":"2025-10-15T15:24:55","slug":"about","status":"publish","type":"page","link":"https:\/\/lgonte.com\/es\/about\/","title":{"rendered":"Sobre Mi"},"content":{"rendered":"<div class=\"wpb-content-wrapper\"><div class=\"vc_row wpb_row vc_row-fluid vc_custom_1760541873238 vc_row-has-fill vc_column-gap-30\"><div class=\"wpb_column vc_column_container vc_col-sm-4 vc_col-has-fill\"><div class=\"vc_column-inner vc_custom_1757708216115\"><div class=\"wpb_wrapper\"><\/div><\/div><\/div><div class=\"wpb_column vc_column_container vc_col-sm-8 vc_col-has-fill\"><div class=\"vc_column-inner vc_custom_1756928237812\"><div class=\"wpb_wrapper\">\n\t<div class=\"wpb_text_column wpb_content_element vc_custom_1756928245073\" >\n\t\t<div class=\"wpb_wrapper\">\n\t\t\t<p>Luis Gonte, nacido en la Ciudad de M\u00e9xico, es un artista exc\u00e9ntrico y polifac\u00e9tico, emprendedor, dise\u00f1ador, buscador de arte, constructor, piloto, dise\u00f1ador de interiores y restaurador de motocicletas. Su pasi\u00f3n por el dise\u00f1o y la arquitectura lo ha llevado a explorar el mundo de una manera poco convencional, nutriendo su comprensi\u00f3n de la vida y permiti\u00e9ndole crear obras de arte excepcionales, basadas en experiencias reales.<\/p>\n<p>Apasionado amante de la naturaleza, cree firmemente que \u00abNadie es mejor artista que Dios\u00bb; y su obra es un reflejo de sus creencias. Su singular destreza art\u00edstica se basa en la fusi\u00f3n de materias primas como la piedra, el metal y la madera, permitiendo siempre que los patrones naturales desempe\u00f1en un papel importante en sus dise\u00f1os y preocup\u00e1ndose por realzar su belleza natural.<\/p>\n<p>Su gran aprecio por el trabajo ajeno lo ha impulsado a emprender un viaje en busca del trabajo de artistas y artesanos apasionados con talentos ocultos de diferentes culturas de todo el mundo para exhibirlo en su propia galer\u00eda-estudio de arte en San Diego, California.<\/p>\n\n\t\t<\/div>\n\t<\/div>\n<\/div><\/div><\/div><\/div>\n<\/div>","protected":false},"excerpt":{"rendered":"Luis Gonte, born in Mexico City, is an eccentric and polifacetic artist, entrepreneur, designer, art hunter, builder, pilot, interior designer and motorcycle refurbisher, whose passion for design and architecture has taken him to explore the world in an unconventional way, nourishing his understanding of life and allowing him to create exceptional pieces of art, based<a href=\"https:\/\/lgonte.com\/es\/about\/\">Continue reading <span class=\"sr-only\">\"About\"<\/span><\/a>","protected":false},"author":1,"featured_media":0,"parent":0,"menu_order":2,"comment_status":"closed","ping_status":"closed","template":"","meta":{"_acf_changed":false,"footnotes":""},"class_list":["post-334","page","type-page","status-publish","hentry"],"acf":[],"yoast_head":"<!-- This site is optimized with the Yoast SEO plugin v27.4 - https:\/\/yoast.com\/product\/yoast-seo-wordpress\/ -->\n<title>Luis Gonte | Mexican Contemporary Art &amp; Original Paintings<\/title>\n<meta name=\"description\" content=\"Discover the art of Luis Gonte \u2014 Mexican contemporary painter. Explore authentic, colorful works available for purchase online at LGonte.com.\" \/>\n<meta name=\"robots\" content=\"index, follow, max-snippet:-1, max-image-preview:large, max-video-preview:-1\" \/>\n<link rel=\"canonical\" href=\"https:\/\/lgonte.com\/es\/about\/\" \/>\n<meta property=\"og:locale\" content=\"es_MX\" \/>\n<meta property=\"og:type\" content=\"article\" \/>\n<meta property=\"og:title\" content=\"Luis Gonte | Mexican Contemporary Art &amp; Original Paintings\" \/>\n<meta property=\"og:description\" content=\"Discover the art of Luis Gonte \u2014 Mexican contemporary painter. Explore authentic, colorful works available for purchase online at LGonte.com.\" \/>\n<meta property=\"og:url\" content=\"https:\/\/lgonte.com\/es\/about\/\" \/>\n<meta property=\"og:site_name\" content=\"Luis Gonte Galeria\" \/>\n<meta property=\"article:modified_time\" content=\"2025-10-15T15:24:55+00:00\" \/>\n<meta name=\"twitter:card\" content=\"summary_large_image\" \/>\n<meta name=\"twitter:label1\" content=\"Tiempo de lectura\" \/>\n\t<meta name=\"twitter:data1\" content=\"6 minutos\" \/>\n<script type=\"application\/ld+json\" class=\"yoast-schema-graph\">{\"@context\":\"https:\\\/\\\/schema.org\",\"@graph\":[{\"@type\":\"WebPage\",\"@id\":\"https:\\\/\\\/lgonte.com\\\/about\\\/\",\"url\":\"https:\\\/\\\/lgonte.com\\\/about\\\/\",\"name\":\"Luis Gonte | Mexican Contemporary Art & Original Paintings\",\"isPartOf\":{\"@id\":\"https:\\\/\\\/lgonte.com\\\/#website\"},\"datePublished\":\"2025-08-26T21:20:13+00:00\",\"dateModified\":\"2025-10-15T15:24:55+00:00\",\"description\":\"Discover the art of Luis Gonte \u2014 Mexican contemporary painter. Explore authentic, colorful works available for purchase online at LGonte.com.\",\"breadcrumb\":{\"@id\":\"https:\\\/\\\/lgonte.com\\\/about\\\/#breadcrumb\"},\"inLanguage\":\"es\",\"potentialAction\":[{\"@type\":\"ReadAction\",\"target\":[\"https:\\\/\\\/lgonte.com\\\/about\\\/\"]}]},{\"@type\":\"BreadcrumbList\",\"@id\":\"https:\\\/\\\/lgonte.com\\\/about\\\/#breadcrumb\",\"itemListElement\":[{\"@type\":\"ListItem\",\"position\":1,\"name\":\"Home\",\"item\":\"https:\\\/\\\/lgonte.com\\\/\"},{\"@type\":\"ListItem\",\"position\":2,\"name\":\"About\"}]},{\"@type\":\"WebSite\",\"@id\":\"https:\\\/\\\/lgonte.com\\\/#website\",\"url\":\"https:\\\/\\\/lgonte.com\\\/\",\"name\":\"Luis Gonte Galeria\",\"description\":\"\",\"publisher\":{\"@id\":\"https:\\\/\\\/lgonte.com\\\/#organization\"},\"potentialAction\":[{\"@type\":\"SearchAction\",\"target\":{\"@type\":\"EntryPoint\",\"urlTemplate\":\"https:\\\/\\\/lgonte.com\\\/?s={search_term_string}\"},\"query-input\":{\"@type\":\"PropertyValueSpecification\",\"valueRequired\":true,\"valueName\":\"search_term_string\"}}],\"inLanguage\":\"es\"},{\"@type\":\"Organization\",\"@id\":\"https:\\\/\\\/lgonte.com\\\/#organization\",\"name\":\"Luis Gonte Galeria\",\"url\":\"https:\\\/\\\/lgonte.com\\\/\",\"logo\":{\"@type\":\"ImageObject\",\"inLanguage\":\"es\",\"@id\":\"https:\\\/\\\/lgonte.com\\\/#\\\/schema\\\/logo\\\/image\\\/\",\"url\":\"https:\\\/\\\/lgonte.com\\\/wp-content\\\/uploads\\\/sites\\\/22\\\/2025\\\/08\\\/lgonte-logo.png\",\"contentUrl\":\"https:\\\/\\\/lgonte.com\\\/wp-content\\\/uploads\\\/sites\\\/22\\\/2025\\\/08\\\/lgonte-logo.png\",\"width\":301,\"height\":159,\"caption\":\"Luis Gonte Galeria\"},\"image\":{\"@id\":\"https:\\\/\\\/lgonte.com\\\/#\\\/schema\\\/logo\\\/image\\\/\"}}]}<\/script>\n<!-- \/ Yoast SEO plugin. -->","yoast_head_json":{"title":"Luis Gonte | Mexican Contemporary Art & Original Paintings","description":"Discover the art of Luis Gonte \u2014 Mexican contemporary painter. Explore authentic, colorful works available for purchase online at LGonte.com.","robots":{"index":"index","follow":"follow","max-snippet":"max-snippet:-1","max-image-preview":"max-image-preview:large","max-video-preview":"max-video-preview:-1"},"canonical":"https:\/\/lgonte.com\/es\/about\/","og_locale":"es_MX","og_type":"article","og_title":"Luis Gonte | Mexican Contemporary Art & Original Paintings","og_description":"Discover the art of Luis Gonte \u2014 Mexican contemporary painter. Explore authentic, colorful works available for purchase online at LGonte.com.","og_url":"https:\/\/lgonte.com\/es\/about\/","og_site_name":"Luis Gonte Galeria","article_modified_time":"2025-10-15T15:24:55+00:00","twitter_card":"summary_large_image","twitter_misc":{"Tiempo de lectura":"6 minutos"},"schema":{"@context":"https:\/\/schema.org","@graph":[{"@type":"WebPage","@id":"https:\/\/lgonte.com\/about\/","url":"https:\/\/lgonte.com\/about\/","name":"Luis Gonte | Mexican Contemporary Art & Original Paintings","isPartOf":{"@id":"https:\/\/lgonte.com\/#website"},"datePublished":"2025-08-26T21:20:13+00:00","dateModified":"2025-10-15T15:24:55+00:00","description":"Discover the art of Luis Gonte \u2014 Mexican contemporary painter. Explore authentic, colorful works available for purchase online at LGonte.com.","breadcrumb":{"@id":"https:\/\/lgonte.com\/about\/#breadcrumb"},"inLanguage":"es","potentialAction":[{"@type":"ReadAction","target":["https:\/\/lgonte.com\/about\/"]}]},{"@type":"BreadcrumbList","@id":"https:\/\/lgonte.com\/about\/#breadcrumb","itemListElement":[{"@type":"ListItem","position":1,"name":"Home","item":"https:\/\/lgonte.com\/"},{"@type":"ListItem","position":2,"name":"About"}]},{"@type":"WebSite","@id":"https:\/\/lgonte.com\/#website","url":"https:\/\/lgonte.com\/","name":"Luis Gonte Galeria","description":"","publisher":{"@id":"https:\/\/lgonte.com\/#organization"},"potentialAction":[{"@type":"SearchAction","target":{"@type":"EntryPoint","urlTemplate":"https:\/\/lgonte.com\/?s={search_term_string}"},"query-input":{"@type":"PropertyValueSpecification","valueRequired":true,"valueName":"search_term_string"}}],"inLanguage":"es"},{"@type":"Organization","@id":"https:\/\/lgonte.com\/#organization","name":"Luis Gonte Galeria","url":"https:\/\/lgonte.com\/","logo":{"@type":"ImageObject","inLanguage":"es","@id":"https:\/\/lgonte.com\/#\/schema\/logo\/image\/","url":"https:\/\/lgonte.com\/wp-content\/uploads\/sites\/22\/2025\/08\/lgonte-logo.png","contentUrl":"https:\/\/lgonte.com\/wp-content\/uploads\/sites\/22\/2025\/08\/lgonte-logo.png","width":301,"height":159,"caption":"Luis Gonte Galeria"},"image":{"@id":"https:\/\/lgonte.com\/#\/schema\/logo\/image\/"}}]}},"jetpack_sharing_enabled":true,"_links":{"self":[{"href":"https:\/\/lgonte.com\/es\/wp-json\/wp\/v2\/pages\/334","targetHints":{"allow":["GET"]}}],"collection":[{"href":"https:\/\/lgonte.com\/es\/wp-json\/wp\/v2\/pages"}],"about":[{"href":"https:\/\/lgonte.com\/es\/wp-json\/wp\/v2\/types\/page"}],"author":[{"embeddable":true,"href":"https:\/\/lgonte.com\/es\/wp-json\/wp\/v2\/users\/1"}],"replies":[{"embeddable":true,"href":"https:\/\/lgonte.com\/es\/wp-json\/wp\/v2\/comments?post=334"}],"version-history":[{"count":0,"href":"https:\/\/lgonte.com\/es\/wp-json\/wp\/v2\/pages\/334\/revisions"}],"wp:attachment":[{"href":"https:\/\/lgonte.com\/es\/wp-json\/wp\/v2\/media?parent=334"}],"curies":[{"name":"wp","href":"https:\/\/api.w.org\/{rel}","templated":true}]}}